{"id":214,"date":"2021-02-09T15:07:27","date_gmt":"2021-02-09T14:07:27","guid":{"rendered":"http:\/\/icilaterre.bzh\/?page_id=214"},"modified":"2021-06-25T02:14:32","modified_gmt":"2021-06-25T00:14:32","slug":"accueil","status":"publish","type":"page","link":"http:\/\/icilaterre.bzh\/","title":{"rendered":"Accueil"},"content":{"rendered":"\t\t<div data-elementor-type=\"wp-page\" data-elementor-id=\"214\" class=\"elementor elementor-214\" data-elementor-settings=\"[]\">\n\t\t\t\t\t\t<div class=\"elementor-inner\">\n\t\t\t\t\t\t\t<div class=\"elementor-section-wrap\">\n\t\t\t\t\t\t\t<header class=\"elementor-section elementor-top-section elementor-element elementor-element-21646c2 elementor-section-boxed elementor-section-height-default elementor-section-height-default\" data-id=\"21646c2\" data-element_type=\"section\">\n\t\t\t\t\t\t<div class=\"elementor-container elementor-column-gap-default\">\n\t\t\t\t\t\t\t<div class=\"elementor-row\">\n\t\t\t\t\t<div class=\"elementor-column elementor-col-100 elementor-top-column elementor-element elementor-element-c44388a\" data-id=\"c44388a\" data-element_type=\"column\">\n\t\t\t<div class=\"elementor-column-wrap elementor-element-populated\">\n\t\t\t\t\t\t\t<div class=\"elementor-widget-wrap\">\n\t\t\t\t\t\t<div class=\"elementor-element elementor-element-7aa3293 elementor-widget elementor-widget-template\" data-id=\"7aa3293\" data-element_type=\"widget\" data-widget_type=\"template.default\">\n\t\t\t\t<div class=\"elementor-widget-container\">\n\t\t\t\t\t<div class=\"elementor-template\">\n\t\t\t\t\t<div data-elementor-type=\"header\" data-elementor-id=\"647\" class=\"elementor elementor-647\" data-elementor-settings=\"[]\">\n\t\t<div class=\"elementor-section-wrap\">\n\t\t\t\t\t<header class=\"elementor-section elementor-top-section elementor-element elementor-element-aceee8e elementor-section-full_width elementor-section-content-middle elementor-section-stretched elementor-section-height-default elementor-section-height-default\" data-id=\"aceee8e\" data-element_type=\"section\" data-settings=\"{&quot;background_background&quot;:&quot;classic&quot;,&quot;motion_fx_motion_fx_scrolling&quot;:&quot;yes&quot;,&quot;sticky&quot;:&quot;top&quot;,&quot;stretch_section&quot;:&quot;section-stretched&quot;,&quot;motion_fx_devices&quot;:[&quot;desktop&quot;,&quot;tablet&quot;,&quot;mobile&quot;],&quot;sticky_on&quot;:[&quot;desktop&quot;,&quot;tablet&quot;,&quot;mobile&quot;],&quot;sticky_offset&quot;:0,&quot;sticky_effects_offset&quot;:0}\">\n\t\t\t\t\t\t\t<div class=\"elementor-background-overlay\"><\/div>\n\t\t\t\t\t\t\t<div class=\"elementor-container elementor-column-gap-narrow\">\n\t\t\t\t\t\t\t<div class=\"elementor-row\">\n\t\t\t\t\t<div class=\"elementor-column elementor-col-33 elementor-top-column elementor-element elementor-element-7d913004\" data-id=\"7d913004\" data-element_type=\"column\">\n\t\t\t<div class=\"elementor-column-wrap elementor-element-populated\">\n\t\t\t\t\t\t\t<div class=\"elementor-widget-wrap\">\n\t\t\t\t\t\t<div class=\"elementor-element elementor-element-5f673d5c elementor-widget__width-initial elementor-absolute elementor-widget elementor-widget-theme-site-logo elementor-widget-image\" data-id=\"5f673d5c\" data-element_type=\"widget\" data-settings=\"{&quot;_position&quot;:&quot;absolute&quot;}\" data-widget_type=\"theme-site-logo.default\">\n\t\t\t\t<div class=\"elementor-widget-container\">\n\t\t\t\t\t\t\t\t<div class=\"elementor-image\">\n\t\t\t\t\t\t\t\t\t\t\t\t\t<a href=\"http:\/\/icilaterre.bzh\">\n\t\t\t\t\t\t\t<img decoding=async  width=\"223\" height=\"223\" src=\"https:\/\/mls7dpsnidyk.i.optimole.com\/2jrytOY.F5iQ~686b0\/w:auto\/h:auto\/q:75\/http:\/\/icilaterre.bzh\/wp-content\/uploads\/2021\/02\/prouthavanelogo-1.png\" class=\"attachment-full size-full\" alt=\"\" \/>\t\t\t\t\t\t\t\t<\/a>\n\t\t\t\t\t\t\t\t\t\t\t\t\t\t<\/div>\n\t\t\t\t\t\t<\/div>\n\t\t\t\t<\/div>\n\t\t\t\t\t\t<\/div>\n\t\t\t\t\t<\/div>\n\t\t<\/div>\n\t\t\t\t<div class=\"elementor-column elementor-col-33 elementor-top-column elementor-element elementor-element-457c162f\" data-id=\"457c162f\" data-element_type=\"column\">\n\t\t\t<div class=\"elementor-column-wrap elementor-element-populated\">\n\t\t\t\t\t\t\t<div class=\"elementor-widget-wrap\">\n\t\t\t\t\t\t<div class=\"elementor-element elementor-element-645da96f elementor-nav-menu__align-center elementor-nav-menu--stretch elementor-nav-menu--dropdown-tablet elementor-nav-menu__text-align-aside elementor-nav-menu--toggle elementor-nav-menu--burger elementor-widget elementor-widget-nav-menu\" data-id=\"645da96f\" data-element_type=\"widget\" data-settings=\"{&quot;motion_fx_motion_fx_scrolling&quot;:&quot;yes&quot;,&quot;motion_fx_motion_fx_mouse&quot;:&quot;yes&quot;,&quot;sticky&quot;:&quot;top&quot;,&quot;full_width&quot;:&quot;stretch&quot;,&quot;layout&quot;:&quot;horizontal&quot;,&quot;submenu_icon&quot;:{&quot;value&quot;:&quot;fas fa-caret-down&quot;,&quot;library&quot;:&quot;fa-solid&quot;},&quot;toggle&quot;:&quot;burger&quot;,&quot;motion_fx_devices&quot;:[&quot;desktop&quot;,&quot;tablet&quot;,&quot;mobile&quot;],&quot;sticky_on&quot;:[&quot;desktop&quot;,&quot;tablet&quot;,&quot;mobile&quot;],&quot;sticky_offset&quot;:0,&quot;sticky_effects_offset&quot;:0}\" data-widget_type=\"nav-menu.default\">\n\t\t\t\t<div class=\"elementor-widget-container\">\n\t\t\t\t\t\t<nav migration_allowed=\"1\" migrated=\"0\" role=\"navigation\" class=\"elementor-nav-menu--main elementor-nav-menu__container elementor-nav-menu--layout-horizontal e--pointer-double-line e--animation-none\"><ul id=\"menu-1-645da96f\" class=\"elementor-nav-menu\"><li class=\"menu-item menu-item-type-post_type menu-item-object-page menu-item-232\"><a href=\"http:\/\/icilaterre.bzh\/index.php\/mon-histoire\/\" class=\"elementor-item\">Mon histoire<\/a><\/li>\n<li class=\"menu-item menu-item-type-post_type menu-item-object-page menu-item-233\"><a href=\"http:\/\/icilaterre.bzh\/index.php\/prestations\/\" class=\"elementor-item\">Prestations<\/a><\/li>\n<li class=\"menu-item menu-item-type-post_type menu-item-object-page menu-item-231\"><a href=\"http:\/\/icilaterre.bzh\/index.php\/realisations\/\" class=\"elementor-item\">R\u00e9alisations<\/a><\/li>\n<li class=\"menu-item menu-item-type-post_type menu-item-object-page menu-item-234\"><a href=\"http:\/\/icilaterre.bzh\/index.php\/contact\/\" class=\"elementor-item\">Contact<\/a><\/li>\n<\/ul><\/nav>\n\t\t\t\t\t<div class=\"elementor-menu-toggle\" role=\"button\" tabindex=\"0\" aria-label=\"Permuter le menu\" aria-expanded=\"false\">\n\t\t\t<i class=\"eicon-menu-bar\" aria-hidden=\"true\" role=\"presentation\"><\/i>\n\t\t\t<span class=\"elementor-screen-only\">Menu<\/span>\n\t\t<\/div>\n\t\t\t<nav class=\"elementor-nav-menu--dropdown elementor-nav-menu__container\" role=\"navigation\" aria-hidden=\"true\"><ul id=\"menu-2-645da96f\" class=\"elementor-nav-menu\"><li class=\"menu-item menu-item-type-post_type menu-item-object-page menu-item-232\"><a href=\"http:\/\/icilaterre.bzh\/index.php\/mon-histoire\/\" class=\"elementor-item\" tabindex=\"-1\">Mon histoire<\/a><\/li>\n<li class=\"menu-item menu-item-type-post_type menu-item-object-page menu-item-233\"><a href=\"http:\/\/icilaterre.bzh\/index.php\/prestations\/\" class=\"elementor-item\" tabindex=\"-1\">Prestations<\/a><\/li>\n<li class=\"menu-item menu-item-type-post_type menu-item-object-page menu-item-231\"><a href=\"http:\/\/icilaterre.bzh\/index.php\/realisations\/\" class=\"elementor-item\" tabindex=\"-1\">R\u00e9alisations<\/a><\/li>\n<li class=\"menu-item menu-item-type-post_type menu-item-object-page menu-item-234\"><a href=\"http:\/\/icilaterre.bzh\/index.php\/contact\/\" class=\"elementor-item\" tabindex=\"-1\">Contact<\/a><\/li>\n<\/ul><\/nav>\n\t\t\t\t<\/div>\n\t\t\t\t<\/div>\n\t\t\t\t\t\t<\/div>\n\t\t\t\t\t<\/div>\n\t\t<\/div>\n\t\t\t\t<div class=\"elementor-column elementor-col-33 elementor-top-column elementor-element elementor-element-7ff7f4a8\" data-id=\"7ff7f4a8\" data-element_type=\"column\">\n\t\t\t<div class=\"elementor-column-wrap elementor-element-populated\">\n\t\t\t\t\t\t\t<div class=\"elementor-widget-wrap\">\n\t\t\t\t\t\t<div class=\"elementor-element elementor-element-5c1b665f elementor-widget__width-initial elementor-absolute elementor-widget elementor-widget-button\" data-id=\"5c1b665f\" data-element_type=\"widget\" data-settings=\"{&quot;_position&quot;:&quot;absolute&quot;}\" data-widget_type=\"button.default\">\n\t\t\t\t<div class=\"elementor-widget-container\">\n\t\t\t\t\t<div class=\"elementor-button-wrapper\">\n\t\t\t<a href=\"https:\/\/icilaterre.bzh\/index.php\/contact\/\" class=\"elementor-button-link elementor-button elementor-size-sm elementor-animation-grow\" role=\"button\">\n\t\t\t\t\t\t<span class=\"elementor-button-content-wrapper\">\n\t\t\t\t\t\t<span class=\"elementor-button-text\">demander un devis<\/span>\n\t\t<\/span>\n\t\t\t\t\t<\/a>\n\t\t<\/div>\n\t\t\t\t<\/div>\n\t\t\t\t<\/div>\n\t\t\t\t\t\t<\/div>\n\t\t\t\t\t<\/div>\n\t\t<\/div>\n\t\t\t\t\t\t\t\t<\/div>\n\t\t\t\t\t<\/div>\n\t\t<\/header>\n\t\t\t\t<\/div>\n\t\t<\/div>\n\t\t\t\t<\/div>\n\t\t\t\t<\/div>\n\t\t\t\t<\/div>\n\t\t\t\t\t\t<\/div>\n\t\t\t\t\t<\/div>\n\t\t<\/div>\n\t\t\t\t\t\t\t\t<\/div>\n\t\t\t\t\t<\/div>\n\t\t<\/header>\n\t\t\t\t<section class=\"elementor-section elementor-top-section elementor-element elementor-element-ada0879 elementor-section-height-min-height elementor-section-boxed elementor-section-height-default elementor-section-items-middle\" data-id=\"ada0879\" data-element_type=\"section\" data-settings=\"{&quot;background_background&quot;:&quot;classic&quot;}\">\n\t\t\t\t\t\t\t<div class=\"elementor-background-overlay\"><\/div>\n\t\t\t\t\t\t\t<div class=\"elementor-container elementor-column-gap-default\">\n\t\t\t\t\t\t\t<div class=\"elementor-row\">\n\t\t\t\t\t<div class=\"elementor-column elementor-col-100 elementor-top-column elementor-element elementor-element-b0f58f6\" data-id=\"b0f58f6\" data-element_type=\"column\" data-settings=\"{&quot;background_background&quot;:&quot;classic&quot;}\">\n\t\t\t<div class=\"elementor-column-wrap elementor-element-populated\">\n\t\t\t\t\t\t\t<div class=\"elementor-widget-wrap\">\n\t\t\t\t\t\t<div class=\"elementor-element elementor-element-84fc016 elementor-widget__width-initial elementor-absolute elementor-widget elementor-widget-heading\" data-id=\"84fc016\" data-element_type=\"widget\" data-settings=\"{&quot;_position&quot;:&quot;absolute&quot;}\" data-widget_type=\"heading.default\">\n\t\t\t\t<div class=\"elementor-widget-container\">\n\t\t\t<h2 class=\"elementor-heading-title elementor-size-default\">Ici La Terre<\/h2>\t\t<\/div>\n\t\t\t\t<\/div>\n\t\t\t\t<div class=\"elementor-element elementor-element-a3524a0 elementor-widget__width-initial elementor-absolute elementor-widget-divider--view-line elementor-widget elementor-widget-divider\" data-id=\"a3524a0\" data-element_type=\"widget\" data-settings=\"{&quot;_position&quot;:&quot;absolute&quot;}\" data-widget_type=\"divider.default\">\n\t\t\t\t<div class=\"elementor-widget-container\">\n\t\t\t\t\t<div class=\"elementor-divider\">\n\t\t\t<span class=\"elementor-divider-separator\">\n\t\t\t\t\t\t<\/span>\n\t\t<\/div>\n\t\t\t\t<\/div>\n\t\t\t\t<\/div>\n\t\t\t\t<div class=\"elementor-element elementor-element-493c9b7 elementor-widget__width-initial elementor-absolute elementor-widget elementor-widget-heading\" data-id=\"493c9b7\" data-element_type=\"widget\" data-settings=\"{&quot;_position&quot;:&quot;absolute&quot;}\" data-widget_type=\"heading.default\">\n\t\t\t\t<div class=\"elementor-widget-container\">\n\t\t\t<h2 class=\"elementor-heading-title elementor-size-default\">En neuf, comme en r\u00e9novation, il existe des solutions performantes avec des mat\u00e9riaux naturels qui  am\u00e9liorent votre confort thermique.<\/h2>\t\t<\/div>\n\t\t\t\t<\/div>\n\t\t\t\t<div class=\"elementor-element elementor-element-a2dd633 elementor-align-center elementor-widget__width-initial elementor-absolute elementor-widget elementor-widget-button\" data-id=\"a2dd633\" data-element_type=\"widget\" data-settings=\"{&quot;_position&quot;:&quot;absolute&quot;}\" data-widget_type=\"button.default\">\n\t\t\t\t<div class=\"elementor-widget-container\">\n\t\t\t\t\t<div class=\"elementor-button-wrapper\">\n\t\t\t<a href=\"https:\/\/icilaterre.bzh\/index.php\/isolation-naturelle\/\" class=\"elementor-button-link elementor-button elementor-size-xs elementor-animation-shrink\" role=\"button\">\n\t\t\t\t\t\t<span class=\"elementor-button-content-wrapper\">\n\t\t\t\t\t\t<span class=\"elementor-button-text\">ISOLER<\/span>\n\t\t<\/span>\n\t\t\t\t\t<\/a>\n\t\t<\/div>\n\t\t\t\t<\/div>\n\t\t\t\t<\/div>\n\t\t\t\t<div class=\"elementor-element elementor-element-199907c elementor-align-center elementor-widget__width-initial elementor-absolute elementor-widget elementor-widget-button\" data-id=\"199907c\" data-element_type=\"widget\" data-settings=\"{&quot;_position&quot;:&quot;absolute&quot;}\" data-widget_type=\"button.default\">\n\t\t\t\t<div class=\"elementor-widget-container\">\n\t\t\t\t\t<div class=\"elementor-button-wrapper\">\n\t\t\t<a href=\"https:\/\/icilaterre.bzh\/index.php\/enduits-naturels\/\" class=\"elementor-button-link elementor-button elementor-size-xs elementor-animation-shrink\" role=\"button\">\n\t\t\t\t\t\t<span class=\"elementor-button-content-wrapper\">\n\t\t\t\t\t\t<span class=\"elementor-button-text\">DECORER<\/span>\n\t\t<\/span>\n\t\t\t\t\t<\/a>\n\t\t<\/div>\n\t\t\t\t<\/div>\n\t\t\t\t<\/div>\n\t\t\t\t\t\t<\/div>\n\t\t\t\t\t<\/div>\n\t\t<\/div>\n\t\t\t\t\t\t\t\t<\/div>\n\t\t\t\t\t<\/div>\n\t\t<\/section>\n\t\t\t\t\t\t<\/div>\n\t\t\t\t\t\t<\/div>\n\t\t\t\t\t<\/div>\n\t\t","protected":false},"excerpt":{"rendered":"<p>Ici La Terre En neuf, comme en r\u00e9novation, il existe des solutions performantes avec des mat\u00e9riaux naturels qui am\u00e9liorent votre confort thermique. ISOLER DECORER<\/p>\n","protected":false},"author":2,"featured_media":0,"parent":0,"menu_order":0,"comment_status":"closed","ping_status":"closed","template":"elementor_canvas","meta":{"neve_meta_sidebar":"","neve_meta_container":"","neve_meta_enable_content_width":"off","neve_meta_content_width":0,"neve_meta_title_alignment":"","neve_meta_author_avatar":"","neve_post_elements_order":"","neve_meta_disable_header":"","neve_meta_disable_footer":"","neve_meta_disable_title":""},"yoast_head":"<!-- This site is optimized with the Yoast SEO plugin v16.8 - https:\/\/yoast.com\/wordpress\/plugins\/seo\/ -->\n<title>Isoler et d\u00e9corer avec des mat\u00e9riaux naturels | Ici La Terre |<\/title>\n<meta name=\"description\" content=\"En neuf, comme en r\u00e9novation des solutions sur mesure pour d\u00e9corer ou isoler avec des mat\u00e9riaux naturels qui am\u00e9liorent votre confort.\" \/>\n<meta name=\"robots\" content=\"index, follow, max-snippet:-1, max-image-preview:large, max-video-preview:-1\" \/>\n<link rel=\"canonical\" href=\"https:\/\/icilaterre.bzh\/\" \/>\n<meta property=\"og:locale\" content=\"fr_FR\" \/>\n<meta property=\"og:type\" content=\"article\" \/>\n<meta property=\"og:title\" content=\"Isoler et d\u00e9corer avec des mat\u00e9riaux naturels | Ici La Terre |\" \/>\n<meta property=\"og:description\" content=\"En neuf, comme en r\u00e9novation des solutions sur mesure pour d\u00e9corer ou isoler avec des mat\u00e9riaux naturels qui am\u00e9liorent votre confort.\" \/>\n<meta property=\"og:url\" content=\"https:\/\/icilaterre.bzh\/\" \/>\n<meta property=\"article:modified_time\" content=\"2021-06-25T00:14:32+00:00\" \/>\n<meta name=\"twitter:card\" content=\"summary_large_image\" \/>\n<meta name=\"twitter:label1\" content=\"Dur\u00e9e de lecture est.\" \/>\n\t<meta name=\"twitter:data1\" content=\"2 minutes\" \/>\n<script type=\"application\/ld+json\" class=\"yoast-schema-graph\">{\"@context\":\"https:\/\/schema.org\",\"@graph\":[{\"@type\":\"Organization\",\"@id\":\"https:\/\/icilaterre.bzh\/#organization\",\"name\":\"Ici La Terre\",\"url\":\"https:\/\/icilaterre.bzh\/\",\"sameAs\":[],\"logo\":{\"@type\":\"ImageObject\",\"@id\":\"https:\/\/icilaterre.bzh\/#logo\",\"inLanguage\":\"fr-FR\",\"url\":\"https:\/\/mls7dpsnidyk.i.optimole.com\/2jrytOY.F5iQ~686b0\/w:auto\/h:auto\/q:75\/https:\/\/icilaterre.bzh\/wp-content\/uploads\/2021\/02\/cropped-prouthavanelogo-1.png\",\"contentUrl\":\"https:\/\/mls7dpsnidyk.i.optimole.com\/2jrytOY.F5iQ~686b0\/w:auto\/h:auto\/q:75\/https:\/\/icilaterre.bzh\/wp-content\/uploads\/2021\/02\/cropped-prouthavanelogo-1.png\",\"width\":110,\"height\":102,\"caption\":\"Ici La Terre\"},\"image\":{\"@id\":\"https:\/\/icilaterre.bzh\/#logo\"}},{\"@type\":\"WebSite\",\"@id\":\"https:\/\/icilaterre.bzh\/#website\",\"url\":\"https:\/\/icilaterre.bzh\/\",\"name\":\"Ici La Terre\",\"description\":\"\",\"publisher\":{\"@id\":\"https:\/\/icilaterre.bzh\/#organization\"},\"potentialAction\":[{\"@type\":\"SearchAction\",\"target\":{\"@type\":\"EntryPoint\",\"urlTemplate\":\"https:\/\/icilaterre.bzh\/?s={search_term_string}\"},\"query-input\":\"required name=search_term_string\"}],\"inLanguage\":\"fr-FR\"},{\"@type\":\"WebPage\",\"@id\":\"https:\/\/icilaterre.bzh\/#webpage\",\"url\":\"https:\/\/icilaterre.bzh\/\",\"name\":\"Isoler et d\\u00e9corer avec des mat\\u00e9riaux naturels | Ici La Terre |\",\"isPartOf\":{\"@id\":\"https:\/\/icilaterre.bzh\/#website\"},\"datePublished\":\"2021-02-09T14:07:27+00:00\",\"dateModified\":\"2021-06-25T00:14:32+00:00\",\"description\":\"En neuf, comme en r\\u00e9novation des solutions sur mesure pour d\\u00e9corer ou isoler avec des mat\\u00e9riaux naturels qui am\\u00e9liorent votre confort.\",\"breadcrumb\":{\"@id\":\"https:\/\/icilaterre.bzh\/#breadcrumb\"},\"inLanguage\":\"fr-FR\",\"potentialAction\":[{\"@type\":\"ReadAction\",\"target\":[\"https:\/\/icilaterre.bzh\/\"]}]},{\"@type\":\"BreadcrumbList\",\"@id\":\"https:\/\/icilaterre.bzh\/#breadcrumb\",\"itemListElement\":[{\"@type\":\"ListItem\",\"position\":1,\"name\":\"Accueil\",\"item\":\"https:\/\/icilaterre.bzh\/\"},{\"@type\":\"ListItem\",\"position\":2,\"name\":\"Accueil\"}]}]}<\/script>\n<!-- \/ Yoast SEO plugin. -->","yoast_head_json":{"title":"Isoler et d\u00e9corer avec des mat\u00e9riaux naturels | Ici La Terre |","description":"En neuf, comme en r\u00e9novation des solutions sur mesure pour d\u00e9corer ou isoler avec des mat\u00e9riaux naturels qui am\u00e9liorent votre confort.","robots":{"index":"index","follow":"follow","max-snippet":"max-snippet:-1","max-image-preview":"max-image-preview:large","max-video-preview":"max-video-preview:-1"},"canonical":"https:\/\/icilaterre.bzh\/","og_locale":"fr_FR","og_type":"article","og_title":"Isoler et d\u00e9corer avec des mat\u00e9riaux naturels | Ici La Terre |","og_description":"En neuf, comme en r\u00e9novation des solutions sur mesure pour d\u00e9corer ou isoler avec des mat\u00e9riaux naturels qui am\u00e9liorent votre confort.","og_url":"https:\/\/icilaterre.bzh\/","article_modified_time":"2021-06-25T00:14:32+00:00","twitter_card":"summary_large_image","twitter_misc":{"Dur\u00e9e de lecture est.":"2 minutes"},"schema":{"@context":"https:\/\/schema.org","@graph":[{"@type":"Organization","@id":"https:\/\/icilaterre.bzh\/#organization","name":"Ici La Terre","url":"https:\/\/icilaterre.bzh\/","sameAs":[],"logo":{"@type":"ImageObject","@id":"https:\/\/icilaterre.bzh\/#logo","inLanguage":"fr-FR","url":"https:\/\/mls7dpsnidyk.i.optimole.com\/2jrytOY.F5iQ~686b0\/w:auto\/h:auto\/q:75\/https:\/\/icilaterre.bzh\/wp-content\/uploads\/2021\/02\/cropped-prouthavanelogo-1.png","contentUrl":"https:\/\/mls7dpsnidyk.i.optimole.com\/2jrytOY.F5iQ~686b0\/w:auto\/h:auto\/q:75\/https:\/\/icilaterre.bzh\/wp-content\/uploads\/2021\/02\/cropped-prouthavanelogo-1.png","width":110,"height":102,"caption":"Ici La Terre"},"image":{"@id":"https:\/\/icilaterre.bzh\/#logo"}},{"@type":"WebSite","@id":"https:\/\/icilaterre.bzh\/#website","url":"https:\/\/icilaterre.bzh\/","name":"Ici La Terre","description":"","publisher":{"@id":"https:\/\/icilaterre.bzh\/#organization"},"potentialAction":[{"@type":"SearchAction","target":{"@type":"EntryPoint","urlTemplate":"https:\/\/icilaterre.bzh\/?s={search_term_string}"},"query-input":"required name=search_term_string"}],"inLanguage":"fr-FR"},{"@type":"WebPage","@id":"https:\/\/icilaterre.bzh\/#webpage","url":"https:\/\/icilaterre.bzh\/","name":"Isoler et d\u00e9corer avec des mat\u00e9riaux naturels | Ici La Terre |","isPartOf":{"@id":"https:\/\/icilaterre.bzh\/#website"},"datePublished":"2021-02-09T14:07:27+00:00","dateModified":"2021-06-25T00:14:32+00:00","description":"En neuf, comme en r\u00e9novation des solutions sur mesure pour d\u00e9corer ou isoler avec des mat\u00e9riaux naturels qui am\u00e9liorent votre confort.","breadcrumb":{"@id":"https:\/\/icilaterre.bzh\/#breadcrumb"},"inLanguage":"fr-FR","potentialAction":[{"@type":"ReadAction","target":["https:\/\/icilaterre.bzh\/"]}]},{"@type":"BreadcrumbList","@id":"https:\/\/icilaterre.bzh\/#breadcrumb","itemListElement":[{"@type":"ListItem","position":1,"name":"Accueil","item":"https:\/\/icilaterre.bzh\/"},{"@type":"ListItem","position":2,"name":"Accueil"}]}]}},"_links":{"self":[{"href":"http:\/\/icilaterre.bzh\/index.php\/wp-json\/wp\/v2\/pages\/214"}],"collection":[{"href":"http:\/\/icilaterre.bzh\/index.php\/wp-json\/wp\/v2\/pages"}],"about":[{"href":"http:\/\/icilaterre.bzh\/index.php\/wp-json\/wp\/v2\/types\/page"}],"author":[{"embeddable":true,"href":"http:\/\/icilaterre.bzh\/index.php\/wp-json\/wp\/v2\/users\/2"}],"replies":[{"embeddable":true,"href":"http:\/\/icilaterre.bzh\/index.php\/wp-json\/wp\/v2\/comments?post=214"}],"version-history":[{"count":201,"href":"http:\/\/icilaterre.bzh\/index.php\/wp-json\/wp\/v2\/pages\/214\/revisions"}],"predecessor-version":[{"id":1548,"href":"http:\/\/icilaterre.bzh\/index.php\/wp-json\/wp\/v2\/pages\/214\/revisions\/1548"}],"wp:attachment":[{"href":"http:\/\/icilaterre.bzh\/index.php\/wp-json\/wp\/v2\/media?parent=214"}],"curies":[{"name":"wp","href":"https:\/\/api.w.org\/{rel}","templated":true}]}}